{"id":8747,"date":"2023-08-15T07:21:44","date_gmt":"2023-08-15T11:21:44","guid":{"rendered":"https:\/\/resultscanada.ca\/?page_id=8747"},"modified":"2025-11-20T16:26:19","modified_gmt":"2025-11-20T21:26:19","slug":"fellowship","status":"publish","type":"page","link":"https:\/\/resultscanada.ca\/fr\/fellowship\/","title":{"rendered":"programme de perfectionnement en plaidoyer de R\u00e9sultats Canada"},"content":{"rendered":"<h2 class=\"wp-block-post-title\">programme de perfectionnement en plaidoyer de R\u00e9sultats Canada<\/h2>\n\n\n<h1 class=\"wp-block-heading\"><strong><mark style=\"background-color:rgba(0, 0, 0, 0);color:#d50032\" class=\"has-inline-color\">nous sommes \u00e0 la recherche de la prochaine g\u00e9n\u00e9ration de leaders et d'agent.e.s de changement <\/mark><\/strong><\/h1>\n\n\n\n<p class=\"has-text-align-left\">Vous \u00eates passionn\u00e9.e par la lutte contre l'extr\u00eame pauvret\u00e9 ? Vous voulez en savoir plus sur le plaidoyer ? Vous \u00eates au bon endroit.<\/p>\n\n\n\n<p><strong>Les inscriptions sont actuellement closes. Si vous souhaitez \u00eatre pris en consid\u00e9ration pour la prochaine cohorte, veuillez remplir <a href=\"https:\/\/forms.office.com\/r\/G6rS28AvXL?origin=lprLink\">ce formulaire d'int\u00e9r\u00eat<\/a>.<\/strong><\/p>\n\n\n\n<p class=\"has-text-align-left\">Bienvenue au programme de perfectionnement en plaidoyer et en sensibilisation de R\u00e9sultats Canada, un programme d\u2019une dur\u00e9e de 5 mois qui offre de la formation pratique qui vous permettra de d\u00e9velopper vos comp\u00e9tences pour g\u00e9n\u00e9rer la volont\u00e9 politique de mettre fin \u00e0 l'extr\u00eame pauvret\u00e9. Le programme est ouvert aux personnes \u00e2g\u00e9es de plus de 18 ans bas\u00e9es au Canada et qui souhaitent approfondir leur apprentissage et leur engagement afin d\u2019apporter un impact significatif.<\/p>\n\n\n\n<div class=\"tb-button\" data-toolset-blocks-button=\"32834a8ad5869d4a7a050040f046f75c\"><a class=\"tb-button__link\" href=\"https:\/\/forms.office.com\/r\/G6rS28AvXL?origin=lprLink\" target=\"_blank\"><i class=\"tb-button__icon\"><\/i><span class=\"tb-button__content\">Fellowship interest form<\/span><\/a><\/div>\n\n\n\n<p>Au cours du programme, vous vous r\u00e9unirez virtuellement avec d'autres participant.e.s en tant que groupe pour :<\/p>\n\n\n\n<ul class=\"wp-block-list\">\n<li>d\u00e9velopper vos comp\u00e9tences en mati\u00e8re de leadership, de communication et de plaidoyer<\/li>\n\n\n\n<li>approfondir votre compr\u00e9hension de la sant\u00e9 mondiale et de l'extr\u00eame pauvret\u00e9 dans les pays \u00e0 revenu faible ou interm\u00e9diaire<\/li>\n\n\n\n<li>passer \u00e0 l'action en \u00e9crivant aux m\u00e9dias (lettres \u00e0 la r\u00e9daction et articles d'opinion)<\/li>\n\n\n\n<li>sensibiliser et exprimer des opinions sur les m\u00e9dias sociaux<\/li>\n\n\n\n<li>s'engager aupr\u00e8s des d\u00e9cideur.euse.s du gouvernement f\u00e9d\u00e9ral pour les guider vers des d\u00e9cisions qui donnent aux personnes vivant dans la pauvret\u00e9 la sant\u00e9, l'\u00e9ducation et les opportunit\u00e9s dont elles ont besoin pour s'\u00e9panouir.<\/li>\n<\/ul>\n\n\n\n<p>Soutenu.es par la solide expertise du personnel et des partenaires de R\u00e9sultats Canada dans le domaine de la recherche et de la l\u00e9gislation, les participant.e.s au programme pourront optimiser le pouvoir incroyable de leurs interventions.<\/p>\n\n\n<div id=\"div_block-96-321\" class=\"ct-div-block\" ><div id=\"_toggle-97-321\" class=\"oxy-toggle toggle-4095 toggle-4095-expanded\"  data-oxy-toggle-initial-state=\"closed\" data-oxy-toggle-active-class=\"toggle-4095-expanded\" >\n\t\t\t<div class='oxy-expand-collapse-icon' href='#'><\/div>\n\t\t\t<div class='oxy-toggle-content'>\n                <h4 id=\"headline-98-321\" class=\"ct-headline\">ce que vous obtenez en tant que participant.e<\/h4>\t\t\t<\/div>\n\t\t<\/div><div id=\"_rich_text-99-321\" class=\"oxy-rich-text\" ><ul>\n<li class=\"MsoNormal\"><span lang=\"EN-US\" style=\"font-size: 13.5pt; mso-bidi-font-family: 'Open Sans'; color: #404040;\">vous recevrez, pendant 11 mois, la formation et le soutien n\u00e9cessaires pour devenir un.e leader et un.e agent.e de changement puissant.e&nbsp;<\/span><\/li>\n<li class=\"MsoNormal\"><span lang=\"EN-US\" style=\"font-size: 13.5pt; mso-bidi-font-family: 'Open Sans'; color: #404040;\">en apprendre davantage sur la sant\u00e9 mondiale, les causes et les cons\u00e9quences de l'extr\u00eame pauvret\u00e9 et les solutions pour y rem\u00e9dier&nbsp;<\/span><\/li>\n<li class=\"MsoNormal\"><span lang=\"EN-US\" style=\"font-size: 13.5pt; mso-bidi-font-family: 'Open Sans'; color: #404040;\">vous apprendrez \u00e0 communiquer efficacement et \u00e0 \u00e9crire des lettres percutantes destin\u00e9es aux m\u00e9dias<\/span><\/li>\n<li class=\"MsoNormal\"><span lang=\"EN-US\" style=\"font-size: 13.5pt; mso-bidi-font-family: 'Open Sans'; color: #404040;\">apprendre \u00e0 influencer votre d\u00e9put\u00e9.e et s\u00e9nateurs.rices sur des questions importantes telles que <\/span><span lang=\"EN-US\" style=\"font-size: 13.5pt; mso-bidi-font-family: 'Open Sans'; color: #404040;\">that matter, like <a href=\"https:\/\/resultscanada.ca\/fr\/overview\/health-equity\/\" target=\"_blank\" rel=\"noopener\">l\u2019\u00e9quit\u00e9 en mati\u00e8re de sant\u00e9<\/a>, <a href=\"..\/overview\/education\/\" target=\"_blank\" rel=\"noopener\">une \u00e9ducation de qualit\u00e9<\/a>, et <a href=\"..\/overview\/economic-inclusion\/\">l'inclusion \u00e9conomique<\/a><\/span><\/li>\n<li class=\"MsoNormal\"><span lang=\"EN-US\" style=\"font-size: 13.5pt; mso-bidi-font-family: 'Open Sans'; color: #ffb81c; mso-themecolor: accent3;\"><a href=\"..\/#shortcode-58-2\"><span style=\"mso-ansi-font-size: 13.5pt;\">passez \u00e0 l'action<\/span><\/a> <\/span><span lang=\"EN-US\" style=\"font-size: 13.5pt; mso-bidi-font-family: 'Open Sans'; color: #404040;\">tous les mois \u00e0 nos <\/span><span lang=\"EN-US\" style=\"font-size: 13.5pt; mso-bidi-font-family: 'Open Sans'; color: #ffb81c; mso-themecolor: accent3;\"><a href=\"..\/campaigns\/\"><span style=\"mso-ansi-font-size: 13.5pt;\">appels \u00e0 l'action<\/span><\/a><\/span><\/li>\n<li class=\"MsoNormal\"><span lang=\"EN-US\" style=\"font-size: 13.5pt; mso-bidi-font-family: 'Open Sans'; color: #404040;\">vous cr\u00e9erez votre propre groupe d\u2019intervention de R\u00e9sultats Canada ou aiderez un groupe existant \u00e0 se d\u00e9velopper et s\u2019\u00e9panouir<\/span><\/li>\n<li class=\"MsoNormal\"><span lang=\"EN-US\" style=\"font-size: 13.5pt; mso-bidi-font-family: 'Open Sans'; color: #404040;\">vous participerez \u00e0 des webinaires anim\u00e9s par des intervenants inspirants<\/span><\/li>\n<li class=\"MsoNormal\"><span lang=\"EN-US\" style=\"font-size: 13.5pt; mso-bidi-font-family: 'Open Sans'; color: #404040;\">vous rencontrerez des personnes partageant les m\u00eames id\u00e9es que vous, cr\u00e9erez des r\u00e9seaux stimulants et tisserez des liens solides<\/span><\/li>\n<\/ul><\/div><\/div>\n\n\n<div style=\"height:16px\" aria-hidden=\"true\" class=\"wp-block-spacer\"><\/div>\n\n\n<div id=\"div_block-96-321\" class=\"ct-div-block\" ><div id=\"_toggle-97-321\" class=\"oxy-toggle toggle-4095 toggle-4095-expanded\"  data-oxy-toggle-initial-state=\"closed\" data-oxy-toggle-active-class=\"toggle-4095-expanded\" >\n\t\t\t<div class='oxy-expand-collapse-icon' href='#'><\/div>\n\t\t\t<div class='oxy-toggle-content'>\n                <h4 id=\"headline-98-321\" class=\"ct-headline\">comment vous pouvez vous qualifiez<\/h4>\t\t\t<\/div>\n\t\t<\/div><div id=\"_rich_text-99-321\" class=\"oxy-rich-text\" ><ul type=\"disc\">\n<li class=\"MsoNormal\" style=\"color: #404040; mso-margin-top-alt: auto; mso-margin-bottom-alt: auto; mso-list: l0 level1 lfo1; tab-stops: list 36.0pt;\"><span lang=\"EN-US\" style=\"font-size: 13.5pt; mso-bidi-font-family: 'Open Sans';\">volont\u00e9 profonde de provoquer le changement et d\u2019\u00e9radiquer la pauvret\u00e9<\/span><\/li>\n<li class=\"MsoNormal\" style=\"color: #404040; mso-margin-top-alt: auto; mso-margin-bottom-alt: auto; mso-list: l0 level1 lfo1; tab-stops: list 36.0pt;\"><span lang=\"EN-US\" style=\"font-size: 13.5pt; mso-bidi-font-family: 'Open Sans';\">capacit\u00e9 de consacrer 2 \u00e0 4 heures par semaine aux activit\u00e9s du programme<\/span><\/li>\n<li class=\"MsoNormal\" style=\"color: #404040; mso-margin-top-alt: auto; mso-margin-bottom-alt: auto; mso-list: l0 level1 lfo1; tab-stops: list 36.0pt;\"><span lang=\"EN-US\" style=\"font-size: 13.5pt; mso-bidi-font-family: 'Open Sans';\">ouvert aux personnes qui ne sont pas d\u00e9j\u00e0 b\u00e9n\u00e9vole chez R\u00e9sultats Canada et \u00e0 toute personne qui est b\u00e9n\u00e9vole depuis 6 mois ou moins (depuis juillet 2025)&nbsp;<\/span><\/li>\n<li class=\"MsoNormal\" style=\"color: #404040; mso-margin-top-alt: auto; mso-margin-bottom-alt: auto; mso-list: l0 level1 lfo1; tab-stops: list 36.0pt;\"><span lang=\"EN-US\" style=\"font-size: 13.5pt; mso-bidi-font-family: 'Open Sans';\">ma\u00eetrise de l\u2019anglais obligatoire. Ma\u00eetrise du fran\u00e7ais, un atout de taille (le programme se d\u00e9roulera enti\u00e8rement en anglais)<\/span><\/li>\n<li class=\"MsoNormal\" style=\"color: #404040; mso-margin-top-alt: auto; mso-margin-bottom-alt: auto; mso-list: l0 level1 lfo1; tab-stops: list 36.0pt;\"><span lang=\"EN-US\" style=\"font-size: 13.5pt; mso-bidi-font-family: 'Open Sans';\">engagement \u00e0 :<\/span><\/li>\n<ul type=\"circle\">\n<li class=\"MsoNormal\" style=\"color: #404040; mso-margin-top-alt: auto; mso-margin-bottom-alt: auto; mso-list: l0 level2 lfo1; tab-stops: list 72.0pt;\"><span style=\"color: #404040;\"><span style=\"font-size: 18px;\">participer aux rencontres mensuelles des participant.es&nbsp;<\/span><\/span><\/li>\n<li class=\"MsoNormal\" style=\"color: #404040; mso-margin-top-alt: auto; mso-margin-bottom-alt: auto; mso-list: l0 level2 lfo1; tab-stops: list 72.0pt;\"><span style=\"color: #404040;\"><span style=\"font-size: 18px;\">participer aux Lancements d'action mensuelles&nbsp;<\/span><\/span><\/li>\n<li class=\"MsoNormal\" style=\"color: #404040; mso-margin-top-alt: auto; mso-margin-bottom-alt: auto; mso-list: l0 level2 lfo1; tab-stops: list 72.0pt;\"><span style=\"color: #404040;\"><span style=\"font-size: 18px;\">participer aux activit\u00e9s qui vous seront propos\u00e9es (webinaires, formations en mati\u00e8re de plaidoyer, etc.).&nbsp;<\/span><\/span><\/li>\n<li class=\"MsoNormal\" style=\"color: #404040; mso-margin-top-alt: auto; mso-margin-bottom-alt: auto; mso-list: l0 level2 lfo1; tab-stops: list 72.0pt;\"><span style=\"color: #404040;\"><span style=\"font-size: 18px;\">atteindre les objectifs et \u00e0 r\u00e9diger les rapports mensuels du programme&nbsp;<\/span><\/span><\/li>\n<li class=\"MsoNormal\" style=\"color: #404040; mso-margin-top-alt: auto; mso-margin-bottom-alt: auto; mso-list: l0 level2 lfo1; tab-stops: list 72.0pt;\"><span style=\"color: #404040;\"><span style=\"font-size: 18px;\">joindre et \u00e0 interagir sur Slack (plateforme de collaboration en ligne)&nbsp;<\/span><\/span><\/li>\n<\/ul>\n<li class=\"MsoNormal\" style=\"color: #404040; mso-margin-top-alt: auto; mso-margin-bottom-alt: auto; mso-list: l0 level1 lfo1; tab-stops: list 36.0pt;\"><span lang=\"EN-US\" style=\"font-size: 13.5pt; mso-bidi-font-family: 'Open Sans';\">avoir au moins 18 ans (au d\u00e9but du programme)<\/span><\/li>\n<li class=\"MsoNormal\" style=\"color: #404040; mso-margin-top-alt: auto; mso-margin-bottom-alt: auto; mso-list: l0 level1 lfo1; tab-stops: list 36.0pt;\"><span lang=\"EN-US\" style=\"font-size: 13.5pt; mso-bidi-font-family: 'Open Sans';\">habiter au Canada pendant la dur\u00e9e du programme (avec un vif int\u00e9r\u00eat pour les personnes r\u00e9sidant en Colombie-Britannique, en Saskatchewan, au Manitoba, au Qu\u00e9bec, au Nouveau-Brunswick, \u00e0 l'\u00cele-du-Prince-\u00c9douard, en Nouvelle-\u00c9cosse et \u00e0 Terre-Neuve-et-Labrador)&nbsp;<\/span><\/li>\n<li class=\"MsoNormal\" style=\"color: #404040; mso-margin-top-alt: auto; mso-margin-bottom-alt: auto; mso-list: l0 level1 lfo1; tab-stops: list 36.0pt;\"><span lang=\"EN-US\" style=\"font-size: 13.5pt; mso-bidi-font-family: 'Open Sans';\">exp\u00e9rience ant\u00e9rieure en activisme \u00e9tudiant ou communautaire, participation \u00e0 des campagnes politiques ou participation \u00e0 des activit\u00e9s de lutte pour la justice sociale ou contre la pauvret\u00e9<\/span><\/li>\n<\/ul><\/div><\/div>\n\n\n<div style=\"height:16px\" aria-hidden=\"true\" class=\"wp-block-spacer\"><\/div>\n\n\n<div id=\"div_block-96-321\" class=\"ct-div-block\" ><div id=\"_toggle-97-321\" class=\"oxy-toggle toggle-4095 toggle-4095-expanded\"  data-oxy-toggle-initial-state=\"closed\" data-oxy-toggle-active-class=\"toggle-4095-expanded\" >\n\t\t\t<div class='oxy-expand-collapse-icon' href='#'><\/div>\n\t\t\t<div class='oxy-toggle-content'>\n                <h4 id=\"headline-98-321\" class=\"ct-headline\">comment postuler<\/h4>\t\t\t<\/div>\n\t\t<\/div><div id=\"_rich_text-99-321\" class=\"oxy-rich-text\" ><ul>\n<li><span style=\"font-family: Open Sans, Open Sans_EmbeddedFont, Open Sans_MSFontService, sans-serif;\"><span style=\"font-size: 18px; font-variant-ligatures: none; white-space-collapse: preserve;\">Les inscriptions sont actuellement closes. Si vous souhaitez \u00eatre pris en consid\u00e9ration pour la prochaine cohorte, veuillez remplir <a href=\"https:\/\/forms.office.com\/r\/G6rS28AvXL?origin=lprLink\">ce formulaire d'int\u00e9r\u00eat<\/a>.<\/span><\/span><\/li>\n<\/ul>\n<p class=\"MsoNormal\" style=\"margin-bottom: 12.0pt; background: white; mso-background-themecolor: accent6;\"><span style=\"color: #d50032;\"><em>R\u00e9sultats Canada s'engage \u00e0 travailler dans un cadre antiraciste, anti-oppression et anti-colonial et nos valeurs anti-oppression peuvent \u00eatre consult\u00e9es <a href=\"..\/our-anti-oppression-values\/\" target=\"_blank\" rel=\"noopener\">ici<\/a>Nous encourageons vivement les femmes, les personnes racialis\u00e9es, les autochtones, les migrants, les personnes ayant une identit\u00e9 sexuelle ou de genre marginalis\u00e9e et les personnes handicap\u00e9es \u00e0 pr\u00e9senter leur candidature. Nous invitons les candidats qui le souhaitent \u00e0 faire part de leur identit\u00e9 personnelle dans leur dossier de candidature. Si vous \u00eates invit\u00e9 \u00e0 poursuivre le processus de s\u00e9lection, veuillez nous informer d\u00e8s que possible des mesures d'adaptation particuli\u00e8res dont vous pourriez avoir besoin.&nbsp;<\/em><\/span><\/p><\/div><\/div>\n\n\n<div style=\"height:16px\" aria-hidden=\"true\" class=\"wp-block-spacer\"><\/div>\n\n\n\n<h2 class=\"wp-block-heading has-text-align-left\"><strong><span style=\"color:#29b5cf\" class=\"has-inline-color\"><strong>plein feux sur nos leaders&nbsp;<\/strong><\/span><\/strong><\/h2>\n\n\n\n<p>Jetez un coup d'\u0153il ci-dessous et lisez \u00e0 propos de nos&nbsp;<a href=\"https:\/\/resultscanada.ca\/fr\/a-notre-sujet\/benevoles\/\" target=\"_blank\" rel=\"noreferrer noopener\">b\u00e9n\u00e9voles<\/a> afin de d\u00e9couvrir ce dont vous pouvez faire partie.<\/p>\n\n\n\n<div class=\"wp-block-group show-en\"><div class=\"wp-block-group__inner-container is-layout-constrained wp-block-group-is-layout-constrained\"><style type=\"text\/css\">\n#foogallery-gallery-4241 .fg-image { width: 230px; }\n#foogallery-gallery-4241 { --fg-gutter: 20px; }<\/style>\n\t\t\t<div class=\"foogallery foogallery-container foogallery-default foogallery-lightbox-foobox fg-center fg-default fg-ready fg-light fg-border-thin fg-shadow-outline fg-loading-default fg-loaded-fade-in fg-caption-hover fg-hover-fade fg-hover-zoom\" id=\"foogallery-gallery-4241\" data-foogallery=\"{&quot;item&quot;:{&quot;showCaptionTitle&quot;:true,&quot;showCaptionDescription&quot;:true},&quot;lazy&quot;:true}\" style=\"--fg-title-line-clamp: 0; --fg-description-line-clamp: 0;\" >\n\t<div class=\"fg-item fg-type-image fg-idle\"><figure class=\"fg-item-inner\"><a href=\"https:\/\/cdn.resultscanada.ca\/wp-content\/uploads\/Aisha-Fellowship-spotlight-EN.png\" data-attachment-id=\"12637\" data-type=\"image\" class=\"fg-thumb\"><span class=\"fg-image-wrap\"><img fetchpriority=\"high\" decoding=\"async\" width=\"230\" height=\"230\" class=\"skip-lazy fg-image\" data-src-fg=\"https:\/\/cdn.resultscanada.ca\/wp-content\/uploads\/cache\/remote\/cdn-resultscanada-ca\/1915168693.png\" src=\"data:image\/svg+xml,svgxmlnshttpwww.w3.org2000svgwidth230height230viewBox00230230svg\" loading=\"eager\"><\/span><span class=\"fg-image-overlay\"><\/span><\/a><\/figure><div class=\"fg-loader\"><\/div><\/div><div class=\"fg-item fg-type-image fg-idle\"><figure class=\"fg-item-inner\"><a href=\"https:\/\/cdn.resultscanada.ca\/wp-content\/uploads\/Kingsley-Fellowship-spotlight-EN.png\" data-attachment-id=\"12639\" data-type=\"image\" class=\"fg-thumb\"><span class=\"fg-image-wrap\"><img decoding=\"async\" width=\"230\" height=\"230\" class=\"skip-lazy fg-image\" data-src-fg=\"https:\/\/cdn.resultscanada.ca\/wp-content\/uploads\/cache\/remote\/cdn-resultscanada-ca\/3664346513.png\" src=\"data:image\/svg+xml,svgxmlnshttpwww.w3.org2000svgwidth230height230viewBox00230230svg\" loading=\"eager\"><\/span><span class=\"fg-image-overlay\"><\/span><\/a><\/figure><div class=\"fg-loader\"><\/div><\/div><div class=\"fg-item fg-type-image fg-idle\"><figure class=\"fg-item-inner\"><a href=\"https:\/\/cdn.resultscanada.ca\/wp-content\/uploads\/Munzungu-Fellowship-spotlight-EN.png\" data-attachment-id=\"12640\" data-type=\"image\" class=\"fg-thumb\"><span class=\"fg-image-wrap\"><img decoding=\"async\" width=\"230\" height=\"230\" class=\"skip-lazy fg-image\" data-src-fg=\"https:\/\/cdn.resultscanada.ca\/wp-content\/uploads\/cache\/remote\/cdn-resultscanada-ca\/1199906212.png\" src=\"data:image\/svg+xml,svgxmlnshttpwww.w3.org2000svgwidth230height230viewBox00230230svg\" loading=\"eager\"><\/span><span class=\"fg-image-overlay\"><\/span><\/a><\/figure><div class=\"fg-loader\"><\/div><\/div><\/div>\n\n<\/div><\/div>\n\n\n\n<div class=\"wp-block-group show-fr\"><div class=\"wp-block-group__inner-container is-layout-constrained wp-block-group-is-layout-constrained\"><style type=\"text\/css\">\n#foogallery-gallery-4460 .fg-image { width: 230px; }\n#foogallery-gallery-4460 { --fg-gutter: 10px; }<\/style>\n\t\t\t<div class=\"foogallery foogallery-container foogallery-default foogallery-lightbox-foobox fg-center fg-default fg-ready fg-light fg-border-thin fg-shadow-outline fg-loading-default fg-loaded-fade-in fg-caption-hover fg-hover-fade fg-hover-zoom\" id=\"foogallery-gallery-4460\" data-foogallery=\"{&quot;item&quot;:{&quot;showCaptionTitle&quot;:true,&quot;showCaptionDescription&quot;:true},&quot;lazy&quot;:true}\" style=\"--fg-title-line-clamp: 0; --fg-description-line-clamp: 0;\" >\n\t<div class=\"fg-item fg-type-image fg-idle\"><figure class=\"fg-item-inner\"><a href=\"https:\/\/cdn.resultscanada.ca\/wp-content\/uploads\/Aisha-Fellowship-spotlight-FR.png\" data-attachment-id=\"12667\" data-type=\"image\" class=\"fg-thumb\"><span class=\"fg-image-wrap\"><img decoding=\"async\" width=\"230\" height=\"230\" class=\"skip-lazy fg-image\" data-src-fg=\"https:\/\/cdn.resultscanada.ca\/wp-content\/uploads\/cache\/remote\/cdn-resultscanada-ca\/3671385676.png\" src=\"data:image\/svg+xml,svgxmlnshttpwww.w3.org2000svgwidth230height230viewBox00230230svg\" loading=\"eager\"><\/span><span class=\"fg-image-overlay\"><\/span><\/a><\/figure><div class=\"fg-loader\"><\/div><\/div><div class=\"fg-item fg-type-image fg-idle\"><figure class=\"fg-item-inner\"><a href=\"https:\/\/cdn.resultscanada.ca\/wp-content\/uploads\/Kingsley-Fellowship-spotlight-FR.png\" data-attachment-id=\"12669\" data-type=\"image\" class=\"fg-thumb\"><span class=\"fg-image-wrap\"><img decoding=\"async\" width=\"230\" height=\"230\" class=\"skip-lazy fg-image\" data-src-fg=\"https:\/\/cdn.resultscanada.ca\/wp-content\/uploads\/cache\/remote\/cdn-resultscanada-ca\/1472392338.png\" src=\"data:image\/svg+xml,svgxmlnshttpwww.w3.org2000svgwidth230height230viewBox00230230svg\" loading=\"eager\"><\/span><span class=\"fg-image-overlay\"><\/span><\/a><\/figure><div class=\"fg-loader\"><\/div><\/div><div class=\"fg-item fg-type-image fg-idle\"><figure class=\"fg-item-inner\"><a href=\"https:\/\/cdn.resultscanada.ca\/wp-content\/uploads\/Munzungu-Fellowship-spotlight-FR.png\" data-attachment-id=\"12670\" data-type=\"image\" class=\"fg-thumb\"><span class=\"fg-image-wrap\"><img decoding=\"async\" width=\"230\" height=\"230\" class=\"skip-lazy fg-image\" data-src-fg=\"https:\/\/cdn.resultscanada.ca\/wp-content\/uploads\/cache\/remote\/cdn-resultscanada-ca\/1449096692.png\" src=\"data:image\/svg+xml,svgxmlnshttpwww.w3.org2000svgwidth230height230viewBox00230230svg\" loading=\"eager\"><\/span><span class=\"fg-image-overlay\"><\/span><\/a><\/figure><div class=\"fg-loader\"><\/div><\/div><\/div>\n\n<\/div><\/div>\n\n\n\n<div class=\"tb-fields-and-text\" data-toolset-blocks-fields-and-text=\"3e1d2592ce20bdf2bf813c9dfa44c991\"><p><strong>voir nos <span style=\"color: #d50032;\"><a style=\"color: #d50032;\" href=\"https:\/\/resultscanada.ca\/fr\/fellow-spotlights\/\" data-wplink-edit=\"true\">pleins feux sur les leaders<\/a><\/span><\/strong><\/p><\/div>\n\n\n\n<p><strong>Vous cherchez d'autres moyens de participer ?<\/strong>Devenez<a rel=\"noreferrer noopener\" href=\"https:\/\/resultscanada.ca\/fr\/join-us\/\" target=\"_blank\">b\u00e9n\u00e9volat<\/a>avec R\u00e9sultats Canada d\u00e8s aujourd'hui!&nbsp;<\/p>\n\n\n\n<p><\/p>","protected":false},"excerpt":{"rendered":"<p>we\u2019re looking for the next generation of advocates and leaders Passionate about ending extreme poverty? Want to learn more about advocacy? You\u2019re in the right place. Registration is currently closed. If you want to be considered for the next cohort, fill out this interest form. Welcome to the Results Canada Education and Advocacy Fellowship Program, [&hellip;]<\/p>\n","protected":false},"author":3,"featured_media":0,"parent":0,"menu_order":0,"comment_status":"closed","ping_status":"closed","template":"","meta":{"_seopress_robots_primary_cat":"","_seopress_titles_title":"","_seopress_titles_desc":"","_seopress_robots_index":"","footnotes":""},"class_list":["post-8747","page","type-page","status-publish","hentry"],"_links":{"self":[{"href":"https:\/\/resultscanada.ca\/fr\/wp-json\/wp\/v2\/pages\/8747","targetHints":{"allow":["GET"]}}],"collection":[{"href":"https:\/\/resultscanada.ca\/fr\/wp-json\/wp\/v2\/pages"}],"about":[{"href":"https:\/\/resultscanada.ca\/fr\/wp-json\/wp\/v2\/types\/page"}],"author":[{"embeddable":true,"href":"https:\/\/resultscanada.ca\/fr\/wp-json\/wp\/v2\/users\/3"}],"replies":[{"embeddable":true,"href":"https:\/\/resultscanada.ca\/fr\/wp-json\/wp\/v2\/comments?post=8747"}],"version-history":[{"count":5,"href":"https:\/\/resultscanada.ca\/fr\/wp-json\/wp\/v2\/pages\/8747\/revisions"}],"predecessor-version":[{"id":12845,"href":"https:\/\/resultscanada.ca\/fr\/wp-json\/wp\/v2\/pages\/8747\/revisions\/12845"}],"wp:attachment":[{"href":"https:\/\/resultscanada.ca\/fr\/wp-json\/wp\/v2\/media?parent=8747"}],"curies":[{"name":"wp","href":"https:\/\/api.w.org\/{rel}","templated":true}]}}