{"id":5859,"date":"2021-11-24T10:05:29","date_gmt":"2021-11-24T14:05:29","guid":{"rendered":"https:\/\/resultscanada.ca\/?page_id=5859"},"modified":"2024-12-11T12:25:16","modified_gmt":"2024-12-11T17:25:16","slug":"health-equity","status":"publish","type":"page","link":"https:\/\/resultscanada.ca\/fr\/overview\/health-equity\/","title":{"rendered":"\u00c9quit\u00e9 en mati\u00e8re de sant\u00e9"},"content":{"rendered":"","protected":false},"excerpt":{"rendered":"","protected":false},"author":3,"featured_media":0,"parent":312,"menu_order":0,"comment_status":"closed","ping_status":"closed","template":"","meta":{"_seopress_robots_primary_cat":"","_seopress_titles_title":"Health Equity - Results Canada","_seopress_titles_desc":"A world without poverty is dependent on ambitious global health efforts as poverty is both a cause and consequence of poor health. Poverty can prevent access to\u202fhealthcare, social services, adequate nutrition, clean water, and proper sanitation.","_seopress_robots_index":"","footnotes":""},"class_list":["post-5859","page","type-page","status-publish","hentry"],"_links":{"self":[{"href":"https:\/\/resultscanada.ca\/fr\/wp-json\/wp\/v2\/pages\/5859","targetHints":{"allow":["GET"]}}],"collection":[{"href":"https:\/\/resultscanada.ca\/fr\/wp-json\/wp\/v2\/pages"}],"about":[{"href":"https:\/\/resultscanada.ca\/fr\/wp-json\/wp\/v2\/types\/page"}],"author":[{"embeddable":true,"href":"https:\/\/resultscanada.ca\/fr\/wp-json\/wp\/v2\/users\/3"}],"replies":[{"embeddable":true,"href":"https:\/\/resultscanada.ca\/fr\/wp-json\/wp\/v2\/comments?post=5859"}],"version-history":[{"count":1,"href":"https:\/\/resultscanada.ca\/fr\/wp-json\/wp\/v2\/pages\/5859\/revisions"}],"predecessor-version":[{"id":5860,"href":"https:\/\/resultscanada.ca\/fr\/wp-json\/wp\/v2\/pages\/5859\/revisions\/5860"}],"up":[{"embeddable":true,"href":"https:\/\/resultscanada.ca\/fr\/wp-json\/wp\/v2\/pages\/312"}],"wp:attachment":[{"href":"https:\/\/resultscanada.ca\/fr\/wp-json\/wp\/v2\/media?parent=5859"}],"curies":[{"name":"wp","href":"https:\/\/api.w.org\/{rel}","templated":true}]}}