{"id":3,"date":"2019-08-14T17:15:19","date_gmt":"2019-08-14T17:15:19","guid":{"rendered":"http:\/\/resultscanada.ca\/?page_id=3"},"modified":"2020-02-17T18:09:27","modified_gmt":"2020-02-17T22:09:27","slug":"privacy-policy","status":"publish","type":"page","link":"https:\/\/resultscanada.ca\/fr\/privacy-policy\/","title":{"rendered":"\u00c9nonc\u00e9 de confidentialit\u00e9"},"content":{"rendered":"<p>R\u00e9sultats Canada a \u00e0 c\u0153ur de pr\u00e9server le caract\u00e8re confidentiel des renseignements personnels recueillis aupr\u00e8s de ses employ\u00e9s, de ses partenaires, du public et de toutes autres parties prenantes. Dans la gestion de nos activit\u00e9s de plaidoyer, de nos actions et de nos campagnes, nous recueillons et utilisons des renseignements personnels tels que le nom, l\u2019adresse postale, l\u2019adresse courriel et le num\u00e9ro de t\u00e9l\u00e9phone. Les renseignements personnels rassembl\u00e9s sont bien prot\u00e9g\u00e9s.<\/p>\n\n\n\n<p>En fournissant vos renseignements personnels, vous consentez \u00e0 la collecte, \u00e0 l\u2019utilisation de ces renseignements aux fins susmentionn\u00e9es. Les renseignements personnels recueillis par R\u00e9sultats Canada restent confidentiels. R\u00e9sultats Canada prend les mesures de s\u00e9curit\u00e9 ad\u00e9quates pour pr\u00e9venir les acc\u00e8s non autoris\u00e9s, la divulgation, la modification et la destruction non autoris\u00e9e des donn\u00e9es. Nous ne transmettons pas vos renseignements personnels sans votre consentement pr\u00e9alable, \u00e0 moins que la loi ne l\u2019exige.&nbsp;<\/p>\n\n\n\n<p>R\u00e9sultats Canada utilise Google Analytics pour recueillir des donn\u00e9es anonymes sur l\u2019utilisation du site Web en g\u00e9n\u00e9ral, sans rapport aux renseignements personnels que vous nous fournissez. Cela inclut l\u2019installation de t\u00e9moins dans votre navigateur internet qui indique quelles pages sont consult\u00e9es et \u00e0 quel moment, et le type de dispositif utilis\u00e9. Vous pouvez d\u00e9sactiver cette option en d\u00e9sactivant les t\u00e9moins dans votre navigateur internet.&nbsp;<\/p>\n\n\n\n<p>Toutes questions ou pr\u00e9occupations concernant les pratiques de confidentialit\u00e9 de R\u00e9sultats Canada peuvent \u00eatre envoy\u00e9es \u00e0 l\u2019adresse courriel suivante : communications@resultscanada.ca.<\/p>","protected":false},"excerpt":{"rendered":"<p>Results Canada is committed to protecting the privacy of personal information collected from its employees, partners, volunteers, members of the public, and all other stakeholders. In the handling of our advocacy activities, actions, and campaigns, we collect and use personal information such as a person\u2019s name, address, email address, and phone number. Any personal information [&hellip;]<\/p>\n","protected":false},"author":6,"featured_media":0,"parent":0,"menu_order":0,"comment_status":"closed","ping_status":"open","template":"","meta":{"_seopress_robots_primary_cat":"","_seopress_titles_title":"Privacy Policy - Results Canada","_seopress_titles_desc":"Results Canada is committed to protecting the privacy of all personal information collected.","_seopress_robots_index":"","footnotes":""},"class_list":["post-3","page","type-page","status-publish","hentry"],"_links":{"self":[{"href":"https:\/\/resultscanada.ca\/fr\/wp-json\/wp\/v2\/pages\/3","targetHints":{"allow":["GET"]}}],"collection":[{"href":"https:\/\/resultscanada.ca\/fr\/wp-json\/wp\/v2\/pages"}],"about":[{"href":"https:\/\/resultscanada.ca\/fr\/wp-json\/wp\/v2\/types\/page"}],"author":[{"embeddable":true,"href":"https:\/\/resultscanada.ca\/fr\/wp-json\/wp\/v2\/users\/6"}],"replies":[{"embeddable":true,"href":"https:\/\/resultscanada.ca\/fr\/wp-json\/wp\/v2\/comments?post=3"}],"version-history":[{"count":0,"href":"https:\/\/resultscanada.ca\/fr\/wp-json\/wp\/v2\/pages\/3\/revisions"}],"wp:attachment":[{"href":"https:\/\/resultscanada.ca\/fr\/wp-json\/wp\/v2\/media?parent=3"}],"curies":[{"name":"wp","href":"https:\/\/api.w.org\/{rel}","templated":true}]}}